{"id":10,"date":"2025-09-22T16:24:28","date_gmt":"2025-09-22T16:24:28","guid":{"rendered":"https:\/\/bidxek.rkinformatika.online\/?page_id=10"},"modified":"2025-10-03T15:34:33","modified_gmt":"2025-10-03T15:34:33","slug":"inicio","status":"publish","type":"page","link":"https:\/\/bidxek.com\/eu\/","title":{"rendered":"Hasiera"},"content":{"rendered":"<div data-elementor-type=\"wp-page\" data-elementor-id=\"10\" class=\"elementor elementor-10\" data-elementor-post-type=\"page\">\n\t\t\t\t<div class=\"elementor-element elementor-element-361dbe0 e-flex e-con-boxed e-con e-parent\" data-id=\"361dbe0\" data-element_type=\"container\" data-e-type=\"container\" data-settings=\"{&quot;background_background&quot;:&quot;classic&quot;}\">\n\t\t\t\t\t<div class=\"e-con-inner\">\n\t\t\t\t<div class=\"elementor-element elementor-element-4842abf elementor-widget__width-initial elementor-widget-tablet__width-inherit elementor-invisible elementor-widget elementor-widget-heading\" data-id=\"4842abf\" data-element_type=\"widget\" data-e-type=\"widget\" data-settings=\"{&quot;_animation&quot;:&quot;fadeInLeft&quot;}\" data-widget_type=\"heading.default\">\n\t\t\t\t\t<h2 class=\"elementor-heading-title elementor-size-default\">Bidxek<\/h2>\t\t\t\t<\/div>\n\t\t\t\t<div class=\"elementor-element elementor-element-294fa26 elementor-widget elementor-widget-button\" data-id=\"294fa26\" data-element_type=\"widget\" data-e-type=\"widget\" data-widget_type=\"button.default\">\n\t\t\t\t\t\t\t\t\t\t<a class=\"elementor-button elementor-button-link elementor-size-sm\" href=\"https:\/\/bidxek.com\/servicios\/\">\n\t\t\t\t\t\t<span class=\"elementor-button-content-wrapper\">\n\t\t\t\t\t\t\t\t\t<span class=\"elementor-button-text\">Zerbitzuak<\/span>\n\t\t\t\t\t<\/span>\n\t\t\t\t\t<\/a>\n\t\t\t\t\t\t\t\t<\/div>\n\t\t\t\t\t<\/div>\n\t\t\t\t<\/div>\n\t\t<div class=\"elementor-element elementor-element-a9b5d32 e-flex e-con-boxed e-con e-parent\" data-id=\"a9b5d32\" data-element_type=\"container\" data-e-type=\"container\" data-settings=\"{&quot;background_background&quot;:&quot;classic&quot;}\">\n\t\t\t\t\t<div class=\"e-con-inner\">\n\t\t<div class=\"elementor-element elementor-element-29f9fbc e-con-full e-flex e-con e-child\" data-id=\"29f9fbc\" data-element_type=\"container\" data-e-type=\"container\">\n\t\t\t\t<div class=\"elementor-element elementor-element-62c9c7c elementor-widget elementor-widget-heading\" data-id=\"62c9c7c\" data-element_type=\"widget\" data-e-type=\"widget\" data-widget_type=\"heading.default\">\n\t\t\t\t\t<h2 class=\"elementor-heading-title elementor-size-default\">Guri buruz<\/h2>\t\t\t\t<\/div>\n\t\t\t\t<div class=\"elementor-element elementor-element-04d84c9 elementor-widget elementor-widget-text-editor\" data-id=\"04d84c9\" data-element_type=\"widget\" data-e-type=\"widget\" data-widget_type=\"text-editor.default\">\n\t\t\t\t\t\t\t\t\t<p data-start=\"138\" data-end=\"404\">Bidxek ile-apaindegian 20 urte baino gehiago daramatzagu gure bezeroen irudia eta estiloa zaintzen. 2003an ireki genuenetik, konfiantzazko gune gisa finkatu gara, non sormenak eta teknikak bat egiten duten pertsona bakoitzaren onena nabarmentzeko.<\/p><p data-start=\"138\" data-end=\"404\">Gure helburua da bisita bakoitza esperientzia paregabea izatea, tratu hurbil eta profesionalarekin.<\/p>\t\t\t\t\t\t\t\t<\/div>\n\t\t\t\t<\/div>\n\t\t<div class=\"elementor-element elementor-element-eab55f1 e-con-full e-flex e-con e-child\" data-id=\"eab55f1\" data-element_type=\"container\" data-e-type=\"container\">\n\t\t\t\t<div class=\"elementor-element elementor-element-2fcb95c elementor-arrows-position-inside elementor-widget elementor-widget-image-carousel\" data-id=\"2fcb95c\" data-element_type=\"widget\" data-e-type=\"widget\" data-settings=\"{&quot;slides_to_show&quot;:&quot;1&quot;,&quot;navigation&quot;:&quot;arrows&quot;,&quot;autoplay&quot;:&quot;yes&quot;,&quot;pause_on_hover&quot;:&quot;yes&quot;,&quot;pause_on_interaction&quot;:&quot;yes&quot;,&quot;autoplay_speed&quot;:5000,&quot;infinite&quot;:&quot;yes&quot;,&quot;effect&quot;:&quot;slide&quot;,&quot;speed&quot;:500}\" data-widget_type=\"image-carousel.default\">\n\t\t\t\t\t\t\t<div class=\"elementor-image-carousel-wrapper swiper\" role=\"region\" aria-roledescription=\"carousel\" aria-label=\"Carrusel de im\u00e1genes\" dir=\"ltr\">\n\t\t\t<div class=\"elementor-image-carousel swiper-wrapper\" aria-live=\"off\">\n\t\t\t\t\t\t\t\t<div class=\"swiper-slide\" role=\"group\" aria-roledescription=\"slide\" aria-label=\"1 de 4\"><figure class=\"swiper-slide-inner\"><img decoding=\"async\" class=\"swiper-slide-image\" src=\"https:\/\/bidxek.com\/wp-content\/uploads\/2025\/10\/IMG_20250819_093113-Biotza-Iturrizaga-1024x771.jpg\" alt=\"IMG_20250819_093113 - Biotza Iturrizaga\" \/><\/figure><\/div><div class=\"swiper-slide\" role=\"group\" aria-roledescription=\"slide\" aria-label=\"2 de 4\"><figure class=\"swiper-slide-inner\"><img decoding=\"async\" class=\"swiper-slide-image\" src=\"https:\/\/bidxek.com\/wp-content\/uploads\/2025\/10\/IMG_20250819_093108-Biotza-Iturrizaga-1024x771.jpg\" alt=\"IMG_20250819_093108 - Biotza Iturrizaga\" \/><\/figure><\/div><div class=\"swiper-slide\" role=\"group\" aria-roledescription=\"slide\" aria-label=\"3 de 4\"><figure class=\"swiper-slide-inner\"><img decoding=\"async\" class=\"swiper-slide-image\" src=\"https:\/\/bidxek.com\/wp-content\/uploads\/2025\/10\/IMG_20250819_093144-Biotza-Iturrizaga-1024x771.jpg\" alt=\"IMG_20250819_093144 - Biotza Iturrizaga\" \/><\/figure><\/div><div class=\"swiper-slide\" role=\"group\" aria-roledescription=\"slide\" aria-label=\"4 de 4\"><figure class=\"swiper-slide-inner\"><img decoding=\"async\" class=\"swiper-slide-image\" src=\"https:\/\/bidxek.com\/wp-content\/uploads\/2025\/10\/IMG_20250819_093219-Biotza-Iturrizaga-1024x771.jpg\" alt=\"IMG_20250819_093219 - Biotza Iturrizaga\" \/><\/figure><\/div>\t\t\t<\/div>\n\t\t\t\t\t\t\t\t\t\t\t\t<div class=\"elementor-swiper-button elementor-swiper-button-prev\" role=\"button\" tabindex=\"0\">\n\t\t\t\t\t\t<svg aria-hidden=\"true\" class=\"e-font-icon-svg e-eicon-chevron-left\" viewbox=\"0 0 1000 1000\" xmlns=\"http:\/\/www.w3.org\/2000\/svg\"><path d=\"M646 125C629 125 613 133 604 142L308 442C296 454 292 471 292 487 292 504 296 521 308 533L604 854C617 867 629 875 646 875 663 875 679 871 692 858 704 846 713 829 713 812 713 796 708 779 692 767L438 487 692 225C700 217 708 204 708 187 708 171 704 154 692 142 675 129 663 125 646 125Z\"><\/path><\/svg>\t\t\t\t\t<\/div>\n\t\t\t\t\t<div class=\"elementor-swiper-button elementor-swiper-button-next\" role=\"button\" tabindex=\"0\">\n\t\t\t\t\t\t<svg aria-hidden=\"true\" class=\"e-font-icon-svg e-eicon-chevron-right\" viewbox=\"0 0 1000 1000\" xmlns=\"http:\/\/www.w3.org\/2000\/svg\"><path d=\"M696 533C708 521 713 504 713 487 713 471 708 454 696 446L400 146C388 133 375 125 354 125 338 125 325 129 313 142 300 154 292 171 292 187 292 204 296 221 308 233L563 492 304 771C292 783 288 800 288 817 288 833 296 850 308 863 321 871 338 875 354 875 371 875 388 867 400 854L696 533Z\"><\/path><\/svg>\t\t\t\t\t<\/div>\n\t\t\t\t\n\t\t\t\t\t\t\t\t\t<\/div>\n\t\t\t\t\t\t<\/div>\n\t\t\t\t<\/div>\n\t\t\t\t\t<\/div>\n\t\t\t\t<\/div>\n\t\t<div class=\"elementor-element elementor-element-0166be4 e-con-full e-flex e-con e-parent\" data-id=\"0166be4\" data-element_type=\"container\" data-e-type=\"container\" data-settings=\"{&quot;background_background&quot;:&quot;classic&quot;}\">\n\t\t\t\t<div class=\"elementor-element elementor-element-96fecbb elementor-cta--skin-cover elementor-cta--valign-middle elementor-animated-content elementor-bg-transform elementor-bg-transform-zoom-in elementor-widget elementor-widget-call-to-action\" data-id=\"96fecbb\" data-element_type=\"widget\" data-e-type=\"widget\" data-widget_type=\"call-to-action.default\">\n\t\t\t\t\t\t\t<div class=\"elementor-cta\">\n\t\t\t\t\t<div class=\"elementor-cta__bg-wrapper\">\n\t\t\t\t<div class=\"elementor-cta__bg elementor-bg\" style=\"background-image: url(https:\/\/bidxek.com\/wp-content\/uploads\/2025\/10\/3478-1024x576.jpg);\" role=\"img\" aria-label=\"3478\"><\/div>\n\t\t\t\t<div class=\"elementor-cta__bg-overlay\"><\/div>\n\t\t\t<\/div>\n\t\t\t\t\t\t\t<div class=\"elementor-cta__content\">\n\t\t\t\t\n\t\t\t\t\t\t\t\t\t<h2 class=\"elementor-cta__title elementor-cta__content-item elementor-content-item elementor-animated-item--grow\">\n\t\t\t\t\t\t20 urte baino gehiago estilo paregabeak sortzen\t\t\t\t\t<\/h2>\n\t\t\t\t\n\t\t\t\t\t\t\t\t\t<div class=\"elementor-cta__description elementor-cta__content-item elementor-content-item elementor-animated-item--grow\">\n\t\t\t\t\t\tBerritu zure irudia gure tindu, metxa eta orrazkera pertsonalizatuekin.\t\t\t\t\t<\/div>\n\t\t\t\t\n\t\t\t\t\t\t\t\t\t<div class=\"elementor-cta__button-wrapper elementor-cta__content-item elementor-content-item elementor-animated-item--grow\">\n\t\t\t\t\t<a class=\"elementor-cta__button elementor-button elementor-size-\" href=\"https:\/\/bidxek.com\/servicios\/\">\n\t\t\t\t\t\tZERBITZUAK\t\t\t\t\t<\/a>\n\t\t\t\t\t<\/div>\n\t\t\t\t\t\t\t<\/div>\n\t\t\t\t\t\t<\/div>\n\t\t\t\t\t\t<\/div>\n\t\t\t\t<\/div>\n\t\t\t\t<\/div>","protected":false},"excerpt":{"rendered":"<p>Bidxek Servicios Sobre Nosotros En Bidxek Peluquer\u00eda llevamos m\u00e1s de 20 a\u00f1os cuidando de la imagen y el estilo de nuestros clientes. Desde nuestra apertura en 2003, nos hemos consolidado como un espacio de confianza, donde la creatividad y la t\u00e9cnica se unen para resaltar lo mejor de cada persona. Nuestro objetivo es que cada [&hellip;]<\/p>\n","protected":false},"author":1,"featured_media":0,"parent":0,"menu_order":0,"comment_status":"closed","ping_status":"closed","template":"elementor_canvas","meta":{"footnotes":""},"class_list":["post-10","page","type-page","status-publish","hentry"],"yoast_head":"<!-- This site is optimized with the Yoast SEO plugin v27.3 - https:\/\/yoast.com\/product\/yoast-seo-wordpress\/ -->\n<title>Inicio - Bidxek<\/title>\n<meta name=\"robots\" content=\"index, follow, max-snippet:-1, max-image-preview:large, max-video-preview:-1\" \/>\n<link rel=\"canonical\" href=\"https:\/\/bidxek.com\/eu\/\" \/>\n<meta property=\"og:locale\" content=\"en_US\" \/>\n<meta property=\"og:type\" content=\"article\" \/>\n<meta property=\"og:title\" content=\"Inicio - Bidxek\" \/>\n<meta property=\"og:description\" content=\"Bidxek Servicios Sobre Nosotros En Bidxek Peluquer\u00eda llevamos m\u00e1s de 20 a\u00f1os cuidando de la imagen y el estilo de nuestros clientes. Desde nuestra apertura en 2003, nos hemos consolidado como un espacio de confianza, donde la creatividad y la t\u00e9cnica se unen para resaltar lo mejor de cada persona. Nuestro objetivo es que cada [&hellip;]\" \/>\n<meta property=\"og:url\" content=\"https:\/\/bidxek.com\/eu\/\" \/>\n<meta property=\"og:site_name\" content=\"Bidxek\" \/>\n<meta property=\"article:modified_time\" content=\"2025-10-03T15:34:33+00:00\" \/>\n<meta property=\"og:image\" content=\"https:\/\/bidxek.com\/wp-content\/uploads\/2025\/10\/IMG_20250819_093113-Biotza-Iturrizaga-1024x771.jpg\" \/>\n<meta name=\"twitter:card\" content=\"summary_large_image\" \/>\n<meta name=\"twitter:label1\" content=\"Est. reading time\" \/>\n\t<meta name=\"twitter:data1\" content=\"2 minutua\" \/>\n<script type=\"application\/ld+json\" class=\"yoast-schema-graph\">{\"@context\":\"https:\\\/\\\/schema.org\",\"@graph\":[{\"@type\":\"WebPage\",\"@id\":\"https:\\\/\\\/bidxek.com\\\/\",\"url\":\"https:\\\/\\\/bidxek.com\\\/\",\"name\":\"Inicio - Bidxek\",\"isPartOf\":{\"@id\":\"https:\\\/\\\/bidxek.com\\\/#website\"},\"primaryImageOfPage\":{\"@id\":\"https:\\\/\\\/bidxek.com\\\/#primaryimage\"},\"image\":{\"@id\":\"https:\\\/\\\/bidxek.com\\\/#primaryimage\"},\"thumbnailUrl\":\"https:\\\/\\\/bidxek.com\\\/wp-content\\\/uploads\\\/2025\\\/10\\\/IMG_20250819_093113-Biotza-Iturrizaga-1024x771.jpg\",\"datePublished\":\"2025-09-22T16:24:28+00:00\",\"dateModified\":\"2025-10-03T15:34:33+00:00\",\"breadcrumb\":{\"@id\":\"https:\\\/\\\/bidxek.com\\\/#breadcrumb\"},\"inLanguage\":\"eu\",\"potentialAction\":[{\"@type\":\"ReadAction\",\"target\":[\"https:\\\/\\\/bidxek.com\\\/\"]}]},{\"@type\":\"ImageObject\",\"inLanguage\":\"eu\",\"@id\":\"https:\\\/\\\/bidxek.com\\\/#primaryimage\",\"url\":\"https:\\\/\\\/bidxek.com\\\/wp-content\\\/uploads\\\/2025\\\/10\\\/IMG_20250819_093113-Biotza-Iturrizaga-1024x771.jpg\",\"contentUrl\":\"https:\\\/\\\/bidxek.com\\\/wp-content\\\/uploads\\\/2025\\\/10\\\/IMG_20250819_093113-Biotza-Iturrizaga-1024x771.jpg\"},{\"@type\":\"BreadcrumbList\",\"@id\":\"https:\\\/\\\/bidxek.com\\\/#breadcrumb\",\"itemListElement\":[{\"@type\":\"ListItem\",\"position\":1,\"name\":\"Portada\",\"item\":\"https:\\\/\\\/bidxek.com\\\/\"},{\"@type\":\"ListItem\",\"position\":2,\"name\":\"Inicio\"}]},{\"@type\":\"WebSite\",\"@id\":\"https:\\\/\\\/bidxek.com\\\/#website\",\"url\":\"https:\\\/\\\/bidxek.com\\\/\",\"name\":\"Bidxek\",\"description\":\"Peluquer\u00eda\",\"publisher\":{\"@id\":\"https:\\\/\\\/bidxek.com\\\/#organization\"},\"potentialAction\":[{\"@type\":\"SearchAction\",\"target\":{\"@type\":\"EntryPoint\",\"urlTemplate\":\"https:\\\/\\\/bidxek.com\\\/?s={search_term_string}\"},\"query-input\":{\"@type\":\"PropertyValueSpecification\",\"valueRequired\":true,\"valueName\":\"search_term_string\"}}],\"inLanguage\":\"eu\"},{\"@type\":\"Organization\",\"@id\":\"https:\\\/\\\/bidxek.com\\\/#organization\",\"name\":\"Bidxek\",\"url\":\"https:\\\/\\\/bidxek.com\\\/\",\"logo\":{\"@type\":\"ImageObject\",\"inLanguage\":\"eu\",\"@id\":\"https:\\\/\\\/bidxek.com\\\/#\\\/schema\\\/logo\\\/image\\\/\",\"url\":\"https:\\\/\\\/bidxek.com\\\/wp-content\\\/uploads\\\/2025\\\/10\\\/cropped-1.png\",\"contentUrl\":\"https:\\\/\\\/bidxek.com\\\/wp-content\\\/uploads\\\/2025\\\/10\\\/cropped-1.png\",\"width\":428,\"height\":213,\"caption\":\"Bidxek\"},\"image\":{\"@id\":\"https:\\\/\\\/bidxek.com\\\/#\\\/schema\\\/logo\\\/image\\\/\"}}]}<\/script>\n<!-- \/ Yoast SEO plugin. -->","yoast_head_json":{"title":"Inicio - Bidxek","robots":{"index":"index","follow":"follow","max-snippet":"max-snippet:-1","max-image-preview":"max-image-preview:large","max-video-preview":"max-video-preview:-1"},"canonical":"https:\/\/bidxek.com\/eu\/","og_locale":"en_US","og_type":"article","og_title":"Inicio - Bidxek","og_description":"Bidxek Servicios Sobre Nosotros En Bidxek Peluquer\u00eda llevamos m\u00e1s de 20 a\u00f1os cuidando de la imagen y el estilo de nuestros clientes. Desde nuestra apertura en 2003, nos hemos consolidado como un espacio de confianza, donde la creatividad y la t\u00e9cnica se unen para resaltar lo mejor de cada persona. Nuestro objetivo es que cada [&hellip;]","og_url":"https:\/\/bidxek.com\/eu\/","og_site_name":"Bidxek","article_modified_time":"2025-10-03T15:34:33+00:00","og_image":[{"url":"https:\/\/bidxek.com\/wp-content\/uploads\/2025\/10\/IMG_20250819_093113-Biotza-Iturrizaga-1024x771.jpg","type":"","width":"","height":""}],"twitter_card":"summary_large_image","twitter_misc":{"Est. reading time":"2 minutua"},"schema":{"@context":"https:\/\/schema.org","@graph":[{"@type":"WebPage","@id":"https:\/\/bidxek.com\/","url":"https:\/\/bidxek.com\/","name":"Inicio - Bidxek","isPartOf":{"@id":"https:\/\/bidxek.com\/#website"},"primaryImageOfPage":{"@id":"https:\/\/bidxek.com\/#primaryimage"},"image":{"@id":"https:\/\/bidxek.com\/#primaryimage"},"thumbnailUrl":"https:\/\/bidxek.com\/wp-content\/uploads\/2025\/10\/IMG_20250819_093113-Biotza-Iturrizaga-1024x771.jpg","datePublished":"2025-09-22T16:24:28+00:00","dateModified":"2025-10-03T15:34:33+00:00","breadcrumb":{"@id":"https:\/\/bidxek.com\/#breadcrumb"},"inLanguage":"eu","potentialAction":[{"@type":"ReadAction","target":["https:\/\/bidxek.com\/"]}]},{"@type":"ImageObject","inLanguage":"eu","@id":"https:\/\/bidxek.com\/#primaryimage","url":"https:\/\/bidxek.com\/wp-content\/uploads\/2025\/10\/IMG_20250819_093113-Biotza-Iturrizaga-1024x771.jpg","contentUrl":"https:\/\/bidxek.com\/wp-content\/uploads\/2025\/10\/IMG_20250819_093113-Biotza-Iturrizaga-1024x771.jpg"},{"@type":"BreadcrumbList","@id":"https:\/\/bidxek.com\/#breadcrumb","itemListElement":[{"@type":"ListItem","position":1,"name":"Portada","item":"https:\/\/bidxek.com\/"},{"@type":"ListItem","position":2,"name":"Inicio"}]},{"@type":"WebSite","@id":"https:\/\/bidxek.com\/#website","url":"https:\/\/bidxek.com\/","name":"Bidxek","description":"Peluquer\u00eda","publisher":{"@id":"https:\/\/bidxek.com\/#organization"},"potentialAction":[{"@type":"SearchAction","target":{"@type":"EntryPoint","urlTemplate":"https:\/\/bidxek.com\/?s={search_term_string}"},"query-input":{"@type":"PropertyValueSpecification","valueRequired":true,"valueName":"search_term_string"}}],"inLanguage":"eu"},{"@type":"Organization","@id":"https:\/\/bidxek.com\/#organization","name":"Bidxek","url":"https:\/\/bidxek.com\/","logo":{"@type":"ImageObject","inLanguage":"eu","@id":"https:\/\/bidxek.com\/#\/schema\/logo\/image\/","url":"https:\/\/bidxek.com\/wp-content\/uploads\/2025\/10\/cropped-1.png","contentUrl":"https:\/\/bidxek.com\/wp-content\/uploads\/2025\/10\/cropped-1.png","width":428,"height":213,"caption":"Bidxek"},"image":{"@id":"https:\/\/bidxek.com\/#\/schema\/logo\/image\/"}}]}},"_links":{"self":[{"href":"https:\/\/bidxek.com\/eu\/wp-json\/wp\/v2\/pages\/10","targetHints":{"allow":["GET"]}}],"collection":[{"href":"https:\/\/bidxek.com\/eu\/wp-json\/wp\/v2\/pages"}],"about":[{"href":"https:\/\/bidxek.com\/eu\/wp-json\/wp\/v2\/types\/page"}],"author":[{"embeddable":true,"href":"https:\/\/bidxek.com\/eu\/wp-json\/wp\/v2\/users\/1"}],"replies":[{"embeddable":true,"href":"https:\/\/bidxek.com\/eu\/wp-json\/wp\/v2\/comments?post=10"}],"version-history":[{"count":49,"href":"https:\/\/bidxek.com\/eu\/wp-json\/wp\/v2\/pages\/10\/revisions"}],"predecessor-version":[{"id":226,"href":"https:\/\/bidxek.com\/eu\/wp-json\/wp\/v2\/pages\/10\/revisions\/226"}],"wp:attachment":[{"href":"https:\/\/bidxek.com\/eu\/wp-json\/wp\/v2\/media?parent=10"}],"curies":[{"name":"wp","href":"https:\/\/api.w.org\/{rel}","templated":true}]}}